{"id":25,"date":"2020-12-08T03:54:06","date_gmt":"2020-12-08T03:54:06","guid":{"rendered":"https:\/\/gaviaspreview.com\/wp\/orgarium\/?page_id=25"},"modified":"2026-02-03T18:13:11","modified_gmt":"2026-02-03T15:13:11","slug":"news","status":"publish","type":"page","link":"http:\/\/kaparsogukhava.com\/index.php\/news\/","title":{"rendered":"News"},"content":{"rendered":"\t\t<div data-elementor-type=\"wp-page\" data-elementor-id=\"25\" class=\"elementor elementor-25\">\n\t\t\t\t\t\t<section class=\"elementor-section elementor-top-section elementor-element elementor-element-59f29e4 elementor-section-full_width elementor-section-height-default elementor-section-height-default shape-bg-top-no shape-bg-bottom-no\" data-id=\"59f29e4\" data-element_type=\"section\" data-e-type=\"section\">\n\t\t\t\t\t\t<div class=\"elementor-container elementor-column-gap-default\">\n\t\t\t\t\t<div class=\"elementor-column elementor-col-100 elementor-top-column elementor-element elementor-element-6754167\" data-id=\"6754167\" data-element_type=\"column\" data-e-type=\"column\">\n\t\t\t<div class=\"elementor-widget-wrap elementor-element-populated\">\n\t\t\t\t\t\t<div class=\"elementor-element elementor-element-458306b elementor-widget elementor-widget-gva_post_breadcrumb\" data-id=\"458306b\" data-element_type=\"widget\" data-e-type=\"widget\" data-widget_type=\"gva_post_breadcrumb.default\">\n\t\t\t\t<div class=\"elementor-widget-container\">\n\t\t\t\t\t<div class=\"gva-element-gva_post_breadcrumb gva-element\">   \r\n<div class=\"post-breadcrumb\">\r\n   <div class=\"custom-breadcrumb \" >\r\n            <div class=\"breadcrumb-main\">\r\n        <div class=\"container\">\r\n          <div class=\"breadcrumb-container-inner\">\r\n            <h2 class=\"heading-title\">News<\/h2><ol class=\"breadcrumb\"><li><a href=\"http:\/\/kaparsogukhava.com\">Home<\/a> <\/li> <li class=\"active\">Sayfa<\/li><\/ol>          <\/div>  \r\n        <\/div>   \r\n      <\/div>  \r\n   <\/div>\r\n<\/div>      \r\n\r\n<\/div>\t\t\t\t<\/div>\n\t\t\t\t<\/div>\n\t\t\t\t\t<\/div>\n\t\t<\/div>\n\t\t\t\t\t<\/div>\n\t\t<\/section>\n\t\t\t\t<section class=\"elementor-section elementor-top-section elementor-element elementor-element-1fbe8dbc elementor-section-boxed elementor-section-height-default elementor-section-height-default shape-bg-top-no shape-bg-bottom-no\" data-id=\"1fbe8dbc\" data-element_type=\"section\" data-e-type=\"section\">\n\t\t\t\t\t\t<div class=\"elementor-container elementor-column-gap-default\">\n\t\t\t\t\t<div class=\"elementor-column elementor-col-100 elementor-top-column elementor-element elementor-element-505d4390\" data-id=\"505d4390\" data-element_type=\"column\" data-e-type=\"column\">\n\t\t\t<div class=\"elementor-widget-wrap elementor-element-populated\">\n\t\t\t\t\t\t<div class=\"elementor-element elementor-element-962a554 elementor-widget elementor-widget-gva-posts\" data-id=\"962a554\" data-element_type=\"widget\" data-e-type=\"widget\" data-widget_type=\"gva-posts.default\">\n\t\t\t\t<div class=\"elementor-widget-container\">\n\t\t\t\t\t<div class=\"gva-element-gva-posts gva-element\">  \r\n  <div class=\"gva-posts-grid clearfix gva-posts\">\r\n\t\t<div class=\"gva-content-items\"> \r\n\t\t  <div class=\"lg-block-grid-3 md-block-grid-3 sm-block-grid-2 xs-block-grid-2 xx-block-grid-1\">\r\n\t\t\t <div class=\"item-columns\">\r\n   <article id=\"post-48\" class=\"post post-style-1 post-48 type-post status-publish format-standard has-post-thumbnail hentry category-sektor-haberleri tag-ithalat tag-patates tag-virus\">\r\n      \r\n               <div class=\"post-thumbnail\">\r\n            <a href=\"http:\/\/kaparsogukhava.com\/index.php\/2025\/03\/08\/limon-ureticisi-magdur-olmasin\/\">\r\n               <img fetchpriority=\"high\" decoding=\"async\" width=\"580\" height=\"435\" src=\"http:\/\/kaparsogukhava.com\/wp-content\/uploads\/2020\/03\/limon-580x435.jpg\" class=\"attachment-post-thumbnail size-post-thumbnail wp-post-image\" alt=\"Limon \u00fcreticisi ma\u011fdur olmas\u0131n, karar g\u00f6zden ge\u00e7irilsin\" \/>            <\/a>\r\n                           <div class=\"entry-date\">\r\n                  <span class=\"date\">08<\/span>\r\n                  <span class=\"month\">Mar<\/span>\r\n               <\/div>\r\n                     <\/div>   \r\n         \r\n\r\n      <div class=\"entry-content has-thumbnail\">\r\n         <div class=\"content-inner\">\r\n            <span class=\"cat-links\"><a href=\"http:\/\/kaparsogukhava.com\/index.php\/category\/sektor-haberleri\/\" rel=\"category tag\">Sekt\u00f6r Haberleri<\/a><\/span>            <h3 class=\"entry-title\"><a href=\"http:\/\/kaparsogukhava.com\/index.php\/2025\/03\/08\/limon-ureticisi-magdur-olmasin\/\" rel=\"bookmark\">Limon \u00fcreticisi ma\u011fdur olmas\u0131n, karar g\u00f6zden ge\u00e7irilsin<\/a><\/h3>\r\n            <div class=\"entry-meta\">\r\n               <div class=\"clearfix meta-inline post-meta-1\"><span class=\"author vcard\"><i class=\"far fa-user-circle\"><\/i>sami<\/span><span class=\"post-comment\"><i class=\"far fa-comments\"><\/i>3 Yorum<\/span><\/div>            <\/div> \r\n         <\/div>\r\n         <div class=\"read-more\">\r\n            <a class=\"btn-read-more\" href=\"http:\/\/kaparsogukhava.com\/index.php\/2025\/03\/08\/limon-ureticisi-magdur-olmasin\/\">Devam\u0131n\u0131 oku<i class=\"fa-regular fa-circle-right\"><\/i><\/a>\r\n         <\/div>\r\n      <\/div>\r\n   <\/article>   \r\n\r\n  <\/div><div class=\"item-columns\">\r\n   <article id=\"post-47\" class=\"post post-style-1 post-47 type-post status-publish format-standard has-post-thumbnail hentry category-sektor-haberleri tag-lifestyle tag-parks tag-tourisms\">\r\n      \r\n               <div class=\"post-thumbnail\">\r\n            <a href=\"http:\/\/kaparsogukhava.com\/index.php\/2025\/03\/08\/yurt-disindan-gelen-2-bin-tondan-fazla-patates-viruslu-cikti\/\">\r\n               <img decoding=\"async\" width=\"580\" height=\"435\" src=\"http:\/\/kaparsogukhava.com\/wp-content\/uploads\/2020\/03\/patates-580x435.jpg\" class=\"attachment-post-thumbnail size-post-thumbnail wp-post-image\" alt=\"Yurt d\u0131\u015f\u0131ndan gelen 2 bin tondan fazla patates vir\u00fcsl\u00fc \u00e7\u0131kt\u0131\" \/>            <\/a>\r\n                           <div class=\"entry-date\">\r\n                  <span class=\"date\">08<\/span>\r\n                  <span class=\"month\">Mar<\/span>\r\n               <\/div>\r\n                     <\/div>   \r\n         \r\n\r\n      <div class=\"entry-content has-thumbnail\">\r\n         <div class=\"content-inner\">\r\n            <span class=\"cat-links\"><a href=\"http:\/\/kaparsogukhava.com\/index.php\/category\/sektor-haberleri\/\" rel=\"category tag\">Sekt\u00f6r Haberleri<\/a><\/span>            <h3 class=\"entry-title\"><a href=\"http:\/\/kaparsogukhava.com\/index.php\/2025\/03\/08\/yurt-disindan-gelen-2-bin-tondan-fazla-patates-viruslu-cikti\/\" rel=\"bookmark\">Yurt d\u0131\u015f\u0131ndan gelen 2 bin tondan fazla patates vir\u00fcsl\u00fc \u00e7\u0131kt\u0131<\/a><\/h3>\r\n            <div class=\"entry-meta\">\r\n               <div class=\"clearfix meta-inline post-meta-1\"><span class=\"author vcard\"><i class=\"far fa-user-circle\"><\/i>sami<\/span><span class=\"post-comment\"><i class=\"far fa-comments\"><\/i>0 Yorum<\/span><\/div>            <\/div> \r\n         <\/div>\r\n         <div class=\"read-more\">\r\n            <a class=\"btn-read-more\" href=\"http:\/\/kaparsogukhava.com\/index.php\/2025\/03\/08\/yurt-disindan-gelen-2-bin-tondan-fazla-patates-viruslu-cikti\/\">Devam\u0131n\u0131 oku<i class=\"fa-regular fa-circle-right\"><\/i><\/a>\r\n         <\/div>\r\n      <\/div>\r\n   <\/article>   \r\n\r\n  <\/div><div class=\"item-columns\">\r\n   <article id=\"post-46\" class=\"post post-style-1 post-46 type-post status-publish format-standard has-post-thumbnail hentry category-sektor-haberleri tag-adventure tag-lifestyle tag-parks\">\r\n      \r\n               <div class=\"post-thumbnail\">\r\n            <a href=\"http:\/\/kaparsogukhava.com\/index.php\/2025\/03\/08\/turkiyenin-en-buyuk-rejeneratif-tarim-projesi\/\">\r\n               <img decoding=\"async\" width=\"580\" height=\"435\" src=\"http:\/\/kaparsogukhava.com\/wp-content\/uploads\/2020\/03\/rejeneratif-tarim-nedir-1162x700-1-580x435.jpg\" class=\"attachment-post-thumbnail size-post-thumbnail wp-post-image\" alt=\"T\u00fcrkiye\u2019nin en b\u00fcy\u00fck rejeneratif tar\u0131m projesi\" \/>            <\/a>\r\n                           <div class=\"entry-date\">\r\n                  <span class=\"date\">08<\/span>\r\n                  <span class=\"month\">Mar<\/span>\r\n               <\/div>\r\n                     <\/div>   \r\n         \r\n\r\n      <div class=\"entry-content has-thumbnail\">\r\n         <div class=\"content-inner\">\r\n            <span class=\"cat-links\"><a href=\"http:\/\/kaparsogukhava.com\/index.php\/category\/sektor-haberleri\/\" rel=\"category tag\">Sekt\u00f6r Haberleri<\/a><\/span>            <h3 class=\"entry-title\"><a href=\"http:\/\/kaparsogukhava.com\/index.php\/2025\/03\/08\/turkiyenin-en-buyuk-rejeneratif-tarim-projesi\/\" rel=\"bookmark\">T\u00fcrkiye\u2019nin en b\u00fcy\u00fck rejeneratif tar\u0131m projesi<\/a><\/h3>\r\n            <div class=\"entry-meta\">\r\n               <div class=\"clearfix meta-inline post-meta-1\"><span class=\"author vcard\"><i class=\"far fa-user-circle\"><\/i>sami<\/span><span class=\"post-comment\"><i class=\"far fa-comments\"><\/i>0 Yorum<\/span><\/div>            <\/div> \r\n         <\/div>\r\n         <div class=\"read-more\">\r\n            <a class=\"btn-read-more\" href=\"http:\/\/kaparsogukhava.com\/index.php\/2025\/03\/08\/turkiyenin-en-buyuk-rejeneratif-tarim-projesi\/\">Devam\u0131n\u0131 oku<i class=\"fa-regular fa-circle-right\"><\/i><\/a>\r\n         <\/div>\r\n      <\/div>\r\n   <\/article>   \r\n\r\n  <\/div><div class=\"item-columns\">\r\n   <article id=\"post-45\" class=\"post post-style-1 post-45 type-post status-publish format-standard has-post-thumbnail hentry category-sektor-haberleri tag-adventure tag-beach tag-tourisms\">\r\n      \r\n               <div class=\"post-thumbnail\">\r\n            <a href=\"http:\/\/kaparsogukhava.com\/index.php\/2025\/03\/08\/iki-ilde-ciftciler-kurduklari-sistemle-zirai-donu-hasarsiz-atlatti\/\">\r\n               <img loading=\"lazy\" decoding=\"async\" width=\"580\" height=\"435\" src=\"http:\/\/kaparsogukhava.com\/wp-content\/uploads\/2020\/03\/dewatermark-yybi_cover-580x435.webp\" class=\"attachment-post-thumbnail size-post-thumbnail wp-post-image\" alt=\"\u0130ki ilde \u00e7ift\u00e7iler kurduklar\u0131 sistemle zirai donu hasars\u0131z atlatt\u0131\" \/>            <\/a>\r\n                           <div class=\"entry-date\">\r\n                  <span class=\"date\">08<\/span>\r\n                  <span class=\"month\">Mar<\/span>\r\n               <\/div>\r\n                     <\/div>   \r\n         \r\n\r\n      <div class=\"entry-content has-thumbnail\">\r\n         <div class=\"content-inner\">\r\n            <span class=\"cat-links\"><a href=\"http:\/\/kaparsogukhava.com\/index.php\/category\/sektor-haberleri\/\" rel=\"category tag\">Sekt\u00f6r Haberleri<\/a><\/span>            <h3 class=\"entry-title\"><a href=\"http:\/\/kaparsogukhava.com\/index.php\/2025\/03\/08\/iki-ilde-ciftciler-kurduklari-sistemle-zirai-donu-hasarsiz-atlatti\/\" rel=\"bookmark\">\u0130ki ilde \u00e7ift\u00e7iler kurduklar\u0131 sistemle zirai donu hasars\u0131z atlatt\u0131<\/a><\/h3>\r\n            <div class=\"entry-meta\">\r\n               <div class=\"clearfix meta-inline post-meta-1\"><span class=\"author vcard\"><i class=\"far fa-user-circle\"><\/i>sami<\/span><span class=\"post-comment\"><i class=\"far fa-comments\"><\/i>0 Yorum<\/span><\/div>            <\/div> \r\n         <\/div>\r\n         <div class=\"read-more\">\r\n            <a class=\"btn-read-more\" href=\"http:\/\/kaparsogukhava.com\/index.php\/2025\/03\/08\/iki-ilde-ciftciler-kurduklari-sistemle-zirai-donu-hasarsiz-atlatti\/\">Devam\u0131n\u0131 oku<i class=\"fa-regular fa-circle-right\"><\/i><\/a>\r\n         <\/div>\r\n      <\/div>\r\n   <\/article>   \r\n\r\n  <\/div><div class=\"item-columns\">\r\n   <article id=\"post-44\" class=\"post post-style-1 post-44 type-post status-publish format-standard has-post-thumbnail hentry category-sektor-haberleri tag-beach tag-lifestyle tag-parks\">\r\n      \r\n               <div class=\"post-thumbnail\">\r\n            <a href=\"http:\/\/kaparsogukhava.com\/index.php\/2025\/03\/08\/gida-ihracatcisi-tedarik-icin-yurtdisina-yoneldi\/\">\r\n               <img loading=\"lazy\" decoding=\"async\" width=\"580\" height=\"435\" src=\"http:\/\/kaparsogukhava.com\/wp-content\/uploads\/2020\/03\/zirai-don--580x435.jpeg\" class=\"attachment-post-thumbnail size-post-thumbnail wp-post-image\" alt=\"G\u0131da ihracat\u00e7\u0131s\u0131 tedarik i\u00e7in yurtd\u0131\u015f\u0131na y\u00f6neldi\" \/>            <\/a>\r\n                           <div class=\"entry-date\">\r\n                  <span class=\"date\">08<\/span>\r\n                  <span class=\"month\">Mar<\/span>\r\n               <\/div>\r\n                     <\/div>   \r\n         \r\n\r\n      <div class=\"entry-content has-thumbnail\">\r\n         <div class=\"content-inner\">\r\n            <span class=\"cat-links\"><a href=\"http:\/\/kaparsogukhava.com\/index.php\/category\/sektor-haberleri\/\" rel=\"category tag\">Sekt\u00f6r Haberleri<\/a><\/span>            <h3 class=\"entry-title\"><a href=\"http:\/\/kaparsogukhava.com\/index.php\/2025\/03\/08\/gida-ihracatcisi-tedarik-icin-yurtdisina-yoneldi\/\" rel=\"bookmark\">G\u0131da ihracat\u00e7\u0131s\u0131 tedarik i\u00e7in yurtd\u0131\u015f\u0131na y\u00f6neldi<\/a><\/h3>\r\n            <div class=\"entry-meta\">\r\n               <div class=\"clearfix meta-inline post-meta-1\"><span class=\"author vcard\"><i class=\"far fa-user-circle\"><\/i>sami<\/span><span class=\"post-comment\"><i class=\"far fa-comments\"><\/i>0 Yorum<\/span><\/div>            <\/div> \r\n         <\/div>\r\n         <div class=\"read-more\">\r\n            <a class=\"btn-read-more\" href=\"http:\/\/kaparsogukhava.com\/index.php\/2025\/03\/08\/gida-ihracatcisi-tedarik-icin-yurtdisina-yoneldi\/\">Devam\u0131n\u0131 oku<i class=\"fa-regular fa-circle-right\"><\/i><\/a>\r\n         <\/div>\r\n      <\/div>\r\n   <\/article>   \r\n\r\n  <\/div><div class=\"item-columns\">\r\n   <article id=\"post-43\" class=\"post post-style-1 post-43 type-post status-publish format-standard has-post-thumbnail hentry category-sektor-haberleri tag-beach tag-parks tag-tourisms\">\r\n      \r\n               <div class=\"post-thumbnail\">\r\n            <a href=\"http:\/\/kaparsogukhava.com\/index.php\/2020\/03\/08\/don-zarari-sonrasi-baglarda-neler-yapmak-gerekir\/\">\r\n               <img loading=\"lazy\" decoding=\"async\" width=\"580\" height=\"435\" src=\"http:\/\/kaparsogukhava.com\/wp-content\/uploads\/2020\/03\/baglarda-don-felaketi-580x435.jpg\" class=\"attachment-post-thumbnail size-post-thumbnail wp-post-image\" alt=\"Don zarar\u0131 sonras\u0131 ba\u011flarda neler yapmak gerekir?\" \/>            <\/a>\r\n                           <div class=\"entry-date\">\r\n                  <span class=\"date\">08<\/span>\r\n                  <span class=\"month\">Mar<\/span>\r\n               <\/div>\r\n                     <\/div>   \r\n         \r\n\r\n      <div class=\"entry-content has-thumbnail\">\r\n         <div class=\"content-inner\">\r\n            <span class=\"cat-links\"><a href=\"http:\/\/kaparsogukhava.com\/index.php\/category\/sektor-haberleri\/\" rel=\"category tag\">Sekt\u00f6r Haberleri<\/a><\/span>            <h3 class=\"entry-title\"><a href=\"http:\/\/kaparsogukhava.com\/index.php\/2020\/03\/08\/don-zarari-sonrasi-baglarda-neler-yapmak-gerekir\/\" rel=\"bookmark\">Don zarar\u0131 sonras\u0131 ba\u011flarda neler yapmak gerekir?<\/a><\/h3>\r\n            <div class=\"entry-meta\">\r\n               <div class=\"clearfix meta-inline post-meta-1\"><span class=\"author vcard\"><i class=\"far fa-user-circle\"><\/i>sami<\/span><span class=\"post-comment\"><i class=\"far fa-comments\"><\/i>0 Yorum<\/span><\/div>            <\/div> \r\n         <\/div>\r\n         <div class=\"read-more\">\r\n            <a class=\"btn-read-more\" href=\"http:\/\/kaparsogukhava.com\/index.php\/2020\/03\/08\/don-zarari-sonrasi-baglarda-neler-yapmak-gerekir\/\">Devam\u0131n\u0131 oku<i class=\"fa-regular fa-circle-right\"><\/i><\/a>\r\n         <\/div>\r\n      <\/div>\r\n   <\/article>   \r\n\r\n  <\/div>\t\t  <\/div>\r\n\t\t<\/div>\r\n\t\t\t\t\t <div class=\"pagination\">\r\n\t\t\t\t  <div class=\"column one pager_wrapper\"><div class=\"pager\"><div class=\"paginations\"><a href=\"http:\/\/kaparsogukhava.com\/index.php\/wp-json\/wp\/v2\/pages\/25\/\" class=\"page-item active\">1<\/a><a href=\"http:\/\/kaparsogukhava.com\/index.php\/wp-json\/wp\/v2\/pages\/25\/page\/2\/\" class=\"page-item\">2<\/a><a class=\"next_page\" href=\"http:\/\/kaparsogukhava.com\/index.php\/wp-json\/wp\/v2\/pages\/25\/page\/2\/\"><i class=\"fas fa-chevron-right\"><\/i><\/a><\/div><\/div><\/div>\n\t\t\t <\/div>\r\n\t\t  <\/div>\r\n  <\/div>\t\t\t\t<\/div>\n\t\t\t\t<\/div>\n\t\t\t\t\t<\/div>\n\t\t<\/div>\n\t\t\t\t\t<\/div>\n\t\t<\/section>\n\t\t\t\t<section class=\"elementor-section elementor-top-section elementor-element elementor-element-d47b474 elementor-section-boxed elementor-section-height-default elementor-section-height-default shape-bg-top-no shape-bg-bottom-no\" data-id=\"d47b474\" data-element_type=\"section\" data-e-type=\"section\" data-settings=\"{&quot;background_background&quot;:&quot;classic&quot;}\">\n\t\t\t\t\t\t\t<div class=\"elementor-background-overlay\"><\/div>\n\t\t\t\t\t\t\t<div class=\"elementor-container elementor-column-gap-default\">\n\t\t\t\t\t<div class=\"elementor-column elementor-col-50 elementor-top-column elementor-element elementor-element-1fbd2eb\" data-id=\"1fbd2eb\" data-element_type=\"column\" data-e-type=\"column\">\n\t\t\t<div class=\"elementor-widget-wrap elementor-element-populated\">\n\t\t\t\t\t\t<div class=\"elementor-element elementor-element-e32966c elementor-widget elementor-widget-gva-heading-block\" data-id=\"e32966c\" data-element_type=\"widget\" data-e-type=\"widget\" data-widget_type=\"gva-heading-block.default\">\n\t\t\t\t<div class=\"elementor-widget-container\">\n\t\t\t\t\t<div class=\"gva-element-gva-heading-block gva-element\">   <div class=\"align-left style-1 widget gsc-heading box-align-left auto-responsive\">\r\n      <div class=\"content-inner\">\r\n         \r\n                  \r\n           \r\n         \r\n                     <h2 class=\"title\">\r\n               <span>Pazarc\u0131 m\u0131s\u0131n\u0131z? yada Meyve ve sebze ticareti mi yap\u0131yosunuz?<\/span>\r\n            <\/h2>\r\n                  \r\n         \r\n      <\/div>\r\n   <\/div>\r\n<\/div>\t\t\t\t<\/div>\n\t\t\t\t<\/div>\n\t\t\t\t\t<\/div>\n\t\t<\/div>\n\t\t\t\t<div class=\"elementor-column elementor-col-50 elementor-top-column elementor-element elementor-element-25adf6d\" data-id=\"25adf6d\" data-element_type=\"column\" data-e-type=\"column\">\n\t\t\t<div class=\"elementor-widget-wrap elementor-element-populated\">\n\t\t\t\t\t\t<div class=\"elementor-element elementor-element-23b711c elementor-widget__width-auto elementor-widget elementor-widget-html\" data-id=\"23b711c\" data-element_type=\"widget\" data-e-type=\"widget\" data-widget_type=\"html.default\">\n\t\t\t\t<div class=\"elementor-widget-container\">\n\t\t\t\t\t<a class=\"btn-white\" href=\"http:\/\/kaparsogukhava.com\/index.php\/contact\/\">\n    Bize Ula\u015f\u0131n\n<\/a>\t\t\t\t<\/div>\n\t\t\t\t<\/div>\n\t\t\t\t\t<\/div>\n\t\t<\/div>\n\t\t\t\t\t<\/div>\n\t\t<\/section>\n\t\t\t\t<\/div>\n\t\t","protected":false},"excerpt":{"rendered":"<p>\u201cTopra\u011f\u0131n ve tar\u0131m\u0131n gelece\u011fi \u00e7ift\u00e7ilerimizdir\u201d Home 08 Mar Sekt\u00f6r Haberleri Limon \u00fcreticisi ma\u011fdur olmas\u0131n, karar g\u00f6zden ge\u00e7irilsin sami3 Comments Devam\u0131n\u0131 oku 08 Mar Sekt\u00f6r Haberleri Yurt d\u0131\u015f\u0131ndan gelen 2 bin [&hellip;]<\/p>\n","protected":false},"author":1,"featured_media":0,"parent":0,"menu_order":0,"comment_status":"closed","ping_status":"closed","template":"","meta":{"footnotes":""},"class_list":["post-25","page","type-page","status-publish","hentry"],"_links":{"self":[{"href":"http:\/\/kaparsogukhava.com\/index.php\/wp-json\/wp\/v2\/pages\/25","targetHints":{"allow":["GET"]}}],"collection":[{"href":"http:\/\/kaparsogukhava.com\/index.php\/wp-json\/wp\/v2\/pages"}],"about":[{"href":"http:\/\/kaparsogukhava.com\/index.php\/wp-json\/wp\/v2\/types\/page"}],"author":[{"embeddable":true,"href":"http:\/\/kaparsogukhava.com\/index.php\/wp-json\/wp\/v2\/users\/1"}],"replies":[{"embeddable":true,"href":"http:\/\/kaparsogukhava.com\/index.php\/wp-json\/wp\/v2\/comments?post=25"}],"version-history":[{"count":3,"href":"http:\/\/kaparsogukhava.com\/index.php\/wp-json\/wp\/v2\/pages\/25\/revisions"}],"predecessor-version":[{"id":1660,"href":"http:\/\/kaparsogukhava.com\/index.php\/wp-json\/wp\/v2\/pages\/25\/revisions\/1660"}],"wp:attachment":[{"href":"http:\/\/kaparsogukhava.com\/index.php\/wp-json\/wp\/v2\/media?parent=25"}],"curies":[{"name":"wp","href":"https:\/\/api.w.org\/{rel}","templated":true}]}}